{"id":3,"date":"2024-08-30T11:08:42","date_gmt":"2024-08-30T09:08:42","guid":{"rendered":"https:\/\/www.spaceandunderwater.events\/?page_id=3"},"modified":"2024-08-30T11:09:27","modified_gmt":"2024-08-30T09:09:27","slug":"privacy-policy","status":"publish","type":"page","link":"https:\/\/www.spaceandunderwater.events\/suw2024\/privacy-policy\/","title":{"rendered":"Privacy Policy"},"content":{"rendered":"\n<h3 class=\"wp-block-heading\"><strong>Art. 13 del Regolamento (UE) 2016\/679 (\u201cGDPR\u201d)<\/strong><\/h3>\n\n\n\n<p><strong>NOW Italia S.r.l.<\/strong>&nbsp;(di seguito, \u201c<strong>NOW Italia<\/strong>\u201d o \u201c<strong>Societ\u00e0<\/strong>\u201d) desidera informarLa che, ai sensi dell\u2019art. 13 del Regolamento (UE) 2016\/679 del Parlamento Europeo e del Consiglio relativo alla protezione delle persone fisiche con riguardo al trattamento dei dati personali (di seguito \u201cRegolamento Europeo\u201d), ha necessit\u00e0 di procedere al trattamento dei Suoi dati personali raccolti automaticamente o da Lei forniti attraverso la navigazione o l\u2019utilizzo del sito web&nbsp;<a href=\"https:\/\/www.spaceandunderwater.events\">https:\/\/www.spaceandunderwater.events<\/a>&nbsp;(di seguito \u201cSito Web\u201d).<\/p>\n\n\n\n<p><strong>1. TITOLARE DEL TRATTAMENTO<\/strong><\/p>\n\n\n\n<p>Il Titolare del trattamento \u00e8\u00a0<strong>NOW Italia<\/strong>, in persona del legale rappresentante, domiciliato presso la sede legale sita in Ancona alla Via Astagno, 3 (di seguito \u201cTitolare del trattamento\u201d).<\/p>\n\n\n\n<p><strong>2. TIPOLOGIA DI DATI TRATTATI<\/strong><\/p>\n\n\n\n<p>Per consentirLe di fruire del Sito Web e dei suoi servizi, ivi compresa la possibilit\u00e0 di ricevere la nostra newsletter giornaliera contenente tutti gli articoli pubblicati sul Sito Web e gli inviti ai nostri eventi (di seguito \u201cServizi\u201d), il Titolare del trattamento necessita di conoscere e trattare alcuni Suoi dati personali.<\/p>\n\n\n\n<ul class=\"wp-block-list\">\n<li><em>Dati di navigazione<\/em><\/li>\n<\/ul>\n\n\n\n<p>I sistemi informatici e le procedure software preposte al funzionamento del Sito Web acquisiscono, nel corso del loro normale esercizio, alcuni dati personali la cui trasmissione \u00e8 implicita nell\u2019uso dei protocolli di comunicazione della rete Internet.<\/p>\n\n\n\n<p>In questa categoria di dati rientrano gli indirizzi IP o i nomi a dominio dei computer utilizzati dagli utenti che si connettono al sito, gli indirizzi in notazione URI (Uniform Resource Identifier) delle risorse richieste, l\u2019orario della richiesta, il metodo utilizzato nel sottoporre la richiesta al server, la dimensione del file ottenuto in risposta, il codice numerico indicante lo stato della risposta data dal server (buon fine, errore, ecc.) ed altri parametri relativi al sistema operativo e all\u2019ambiente informatico dell\u2019utente.<\/p>\n\n\n\n<p>Questi dati, necessari per la fruizione del Sito Web, vengono trattati al solo fine di ottenere informazioni statistiche sull\u2019uso dei Servizi (pagine pi\u00f9 visitate, numero di visitatori per fascia oraria o giornaliera, aree geografiche di provenienza, ecc.) e per controllare il corretto funzionamento dei Servizi offerti.<\/p>\n\n\n\n<ul class=\"wp-block-list\">\n<li><em>Dati forniti volontariamente dall\u2019utente<\/em><\/li>\n<\/ul>\n\n\n\n<p>L\u2019invio facoltativo, esplicito e volontario di messaggi di posta elettronica comporta l\u2019acquisizione dell\u2019indirizzo email del mittente, nonch\u00e9 degli ulteriori dati personali inseriti nelle richieste da Lei inoltrate.<\/p>\n\n\n\n<h4 class=\"wp-block-heading\"><strong>Cookie Policy<\/strong><\/h4>\n\n\n\n<p>Il Sito Web utilizza le seguenti tipologie di cookie:<\/p>\n\n\n\n<p><strong>Cookie tecnici<\/strong><br>Vengono utilizzati cookie tecnici e di sessione, ovvero piccoli file di testo contenenti una certa quantit\u00e0 di informazioni scambiate tra il Suo terminale o il Suo browser e il Sito Web, che permettono il corretto funzionamento e la fruizione dello stesso. Non vengono utilizzati cookie persistenti di alcun tipo.<\/p>\n\n\n\n<p><strong>Cookie analitici<\/strong><br>Vengono utilizzati cookie analitici realizzati e messi a disposizione da una terza parte, ovvero Google Analytics. Ci\u00f2 avviene per mere analisi statistiche interne di accesso, per migliorare il sito e semplificarne l\u2019utilizzo, oltre che per monitorarne il corretto funzionamento. Il Titolare del trattamento ha comunque adottato gli strumenti pi\u00f9 idonei per ridurre al massimo il potere identificativo di questo genere di cookie. Google Analytics&nbsp;<a href=\"https:\/\/support.google.com\/analytics\/answer\/6004245?hl=it\" target=\"_blank\" rel=\"noreferrer noopener\">pubblica qui la sua policy sui cookie<\/a>. L\u2019utente pu\u00f2 disabilitare in modo selettivo l\u2019azione di Google Analytics installando sul proprio browser la componente di opt-out fornita da Google.&nbsp;<a href=\"https:\/\/tools.google.com\/dlpage\/gaoptout\" target=\"_blank\" rel=\"noreferrer noopener\">Per disabilitare l\u2019azione di Google Analytics, si rinvia al seguente link<\/a>.<\/p>\n\n\n\n<p><strong>Cookie di profilazione<br><\/strong>Non viene fatto uso di cookie per la profilazione degli utenti, n\u00e9 vengono impiegati altri metodi di tracciamento della navigazione.<\/p>\n\n\n\n<p><strong>Cookie di terze parti<br><\/strong>Questo sito utilizza i cookie analitici realizzati e messi a disposizione da Google Analytics, di cui si \u00e8 detto in precedenza.<\/p>\n\n\n\n<p><strong>Opzioni circa l\u2019uso dei cookie da parte del sito mediante le impostazioni del browser<br><\/strong>L\u2019erogazione di tutti i cookie \u00e8 comunque disattivabile intervenendo sulle impostazioni del Suo browser. \u00c8 opportuno evidenziare, tuttavia, come intervenire su queste impostazioni potrebbe rendere inutilizzabile il sito nel caso in cui si bloccassero i cookie indispensabili per l\u2019erogazione dei nostri Servizi. Ad ogni modo, ogni browser dispone di impostazioni diverse per la disattivazione dei cookie. Di seguito trova i collegamenti alle istruzioni per i browser pi\u00f9 comuni:&nbsp;<a rel=\"noreferrer noopener\" href=\"https:\/\/support.apple.com\/it-it\/HT201265\" target=\"_blank\">Apple Safari<\/a>,&nbsp;<a rel=\"noreferrer noopener\" href=\"https:\/\/policies.google.com\/technologies\/managing?hl=it\" target=\"_blank\">Google Chrome<\/a>,&nbsp;<a rel=\"noreferrer noopener\" href=\"https:\/\/support.microsoft.com\/it-it\/help\/17442\/windows-internet-explorer-delete-manage-cookies#ie=ie-11\" target=\"_blank\">Microsoft Internet Explorer<\/a>,&nbsp;<a rel=\"noreferrer noopener\" href=\"https:\/\/support.mozilla.org\/it\/kb\/Bloccare%20i%20cookie\" target=\"_blank\">Mozilla Firefox<\/a>.<\/p>\n\n\n\n<p><strong>3. FINALIT\u00c0, BASE GIURIDICA E NATURA DEL CONFERIMENTO<\/strong><\/p>\n\n\n\n<p>I dati personali trattati da&nbsp;<strong>NOW Italia<\/strong>&nbsp;sono esclusivamente quelli da Lei forniti attraverso l\u2019utilizzo del Sito Web. Tali dati saranno trattati esclusivamente per:<\/p>\n\n\n\n<p><strong>a<\/strong>. Consentire l\u2019utilizzo del Sito Web e dei suoi Servizi, ivi compreso, qualora Lei lo richieda, l\u2019invio al Suo indirizzo email della nostra newsletter contenente tutti gli articoli pubblicati sul Sito Web e tutti gli inviti ai nostri eventi. La base giuridica del trattamento \u00e8 l\u2019esecuzione di un contratto di cui Lei \u00e8 parte. Il conferimento dei Suoi dati personali a tal fine \u00e8 obbligatorio, in quanto un Suo eventuale rifiuto non ci permetterebbe di erogare i Servizi.<\/p>\n\n\n\n<p><strong>b.<\/strong>&nbsp;Inviare al Suo indirizzo email la nostra newsletter settimanale contenente gli articoli pubblicati sul quotidiano online cybersecitalia.it, gli inviti ai nostri eventi e contenuti aggiuntivi (webinar, podcast, white paper, videointerventi e videointerviste, infografiche, eBook, ecc.) in linea con i settori d\u2019interesse da Lei prescelti. La base giuridica del trattamento \u00e8 il Suo esplicito consenso. Il conferimento dei Suoi dati personali a tal fine \u00e8 facoltativo. Tuttavia, senza tale consenso, il Titolare del trattamento non potr\u00e0 tenerLa aggiornata sulle ultime notizie e sugli eventi in linea con i Suoi reali interessi professionali e scientifici.<br>I Suoi dati personali potranno essere trattati sia attraverso strumenti informatici, che supporti cartacei.<\/p>\n\n\n\n<p><strong>4. PERIODO DI CONSERVAZIONE DEI DATI PERSONALI<\/strong><\/p>\n\n\n\n<p>Il Titolare del trattamento intende conservare i Suoi dati personali per un arco di tempo non superiore rispetto a quello necessario per il conseguimento delle finalit\u00e0 per i quali sono raccolti e trattati.<br>I dati forniti per l\u2019iscrizione alla newsletter saranno conservati esclusivamente per il periodo in cui il servizio sar\u00e0 attivo. I dati relativi alla profilazione saranno conservati per 12 mesi dalla raccolta.<br>Ci\u00f2, fatto salvo il caso in cui avremo bisogno di mantenere tali dati per adempire ad obblighi normativi, oppure per accertare, esercitare o difendere concretamente un nostro diritto in sede giudiziaria.<\/p>\n\n\n\n<p><strong>5<\/strong>.&nbsp;<strong>CATEGORIE DI DESTINATARI DEI DATI PERSONALI<\/strong><\/p>\n\n\n\n<p>I dati trattati non saranno oggetto di diffusione a terzi. Possono comunque venire a conoscenza dei Suoi dati, in relazione alle finalit\u00e0 di trattamento precedentemente esposte:<\/p>\n\n\n\n<ul class=\"wp-block-list\">\n<li>i soggetti che possono accedere ai dati in forza di disposizione di legge previste dal diritto dell\u2019Unione Europea o da quello dello Stato membro cui \u00e8 soggetto il Titolare del trattamento<\/li>\n\n\n\n<li>soggetti che svolgono in totale autonomia, come distinti Titolari del trattamento, ovvero in qualit\u00e0 di Responsabili del trattamento all\u2019uopo nominati da&nbsp;<strong>NOW Italia<\/strong>, finalit\u00e0 ausiliarie alle attivit\u00e0 e ai servizi di cui al paragrafo 3, ovvero societ\u00e0 che offrono servizi per la realizzazione l\u2019invio della nostra newsletter, societ\u00e0 che organizzano eventi, istituti assicurativi, studi legali, societ\u00e0 che offrono servizi di assistenza e consulenza informatica nonch\u00e9 progettazione e realizzazione di software, centri di servizio, societ\u00e0 o consulenti incaricati di fornire specifici servizi al Titolare del trattamento, nei limiti delle finalit\u00e0 per le quali i Suoi dati sono stati raccolti.<\/li>\n<\/ul>\n\n\n\n<p>Inoltre, potr\u00e0 venire a conoscenza dei Suoi dati personali anche il nostro personale dipendente, purch\u00e9 sia precedentemente designato come soggetto che agisce sotto l\u2019autorit\u00e0 del Titolare del trattamento a norma dell\u2019art. 29 del GDPR.<br>L\u2019eventuale comunicazione dei Suoi dati personali avverr\u00e0 nel pieno rispetto delle disposizioni di legge previste dal GDPR e delle misure tecniche e organizzative predisposte dalla Societ\u00e0 per garantire un adeguato livello di sicurezza.<\/p>\n\n\n\n<p><strong>6. TRASFERIMENTO DI DATI PERSONALI VERSO PAESI TERZI<\/strong><\/p>\n\n\n\n<p>L\u2019intero trattamento dei dati personali si svolge all\u2019interno dei confini dell\u2019Unione Europea. Pertanto, il Titolare del trattamento non trasferisce i Suoi dati personali verso Paesi terzi.<\/p>\n\n\n\n<p><strong>7. EVENTUALI PROCESSI DECISIONALI AUTOMATIZZATI<\/strong><\/p>\n\n\n\n<p>Qualora Lei esplicitamente acconsenta al trattamento dei Suoi dati personali per la ricezione della nostra newsletter giornaliera contenente solo gli articoli pubblicati sul Sito Web e gli inviti ai nostri eventi in linea con i settori d\u2019interesse da Lei prescelti, il Titolare del trattamento utilizzer\u00e0 processi automatizzati volti alla profilazione delle Sue preferenze. L\u2019obiettivo \u00e8 quello di offrirLe la possibilit\u00e0 ricevere newsletter e inviti coerenti con i Suoi interessi e con le Sue preferenze. Pertanto, in conseguenza delle attivit\u00e0 di profilazione, Lei potr\u00e0 avvantaggiarsi della ricezione di contenuti targettizzati esclusivamente sui Suoi interessi.<br>Ad ogni modo, cos\u00ec come richiesto dall\u2019art. 22, comma 3, del Regolamento Europeo, il Titolare del trattamento attua tutte le misure pi\u00f9 appropriate per tutelare i Suoi diritti e le Sue libert\u00e0 anche in caso di profilazione, oltre ad ogni ulteriore e legittimo diritto cos\u00ec come meglio esplicitato all\u2019interno del successivo paragrafo (\u201cDiritti dell\u2019Interessato\u201d) di questa Informativa Privacy.<\/p>\n\n\n\n<p><strong>8. DIRITTI DELL\u2019INTERESSATO<\/strong><\/p>\n\n\n\n<p>In relazione al trattamento dei Suoi dati personali, ai sensi del GDPR, Lei in qualit\u00e0 di interessato ha il diritto di:<\/p>\n\n\n\n<ul class=\"wp-block-list\">\n<li>revocare il Suo consenso al trattamento in qualsiasi momento;<\/li>\n\n\n\n<li>chiedere al Titolare del trattamento l\u2019accesso ai Suoi dati personali;<\/li>\n\n\n\n<li>ottenere dal Titolare del trattamento la rettifica e l\u2019integrazione dei Suoi dati personali;<\/li>\n\n\n\n<li>ottenere dal Titolare del trattamento la cancellazione dei Suoi dati personali, qualora ne ricorrano i presupposti;<\/li>\n\n\n\n<li>ottenere dal Titolare del trattamento la limitazione del trattamento dei Suoi dati personali, qualora ne ricorrano i presupposti;<\/li>\n\n\n\n<li>esercitare il diritto alla portabilit\u00e0 dei dati personali;<\/li>\n\n\n\n<li>opporsi in qualsiasi momento, per motivi connessi alla Sua situazione particolare, al trattamento dei Suoi dati personali;<\/li>\n\n\n\n<li>non essere sottoposto a decisioni basate unicamente sul trattamento automatizzato, compresa la profilazione;<\/li>\n\n\n\n<li>proporre reclamo ad un\u2019autorit\u00e0 di controllo (art. 77) oppure adire le opportune sedi giudiziarie (art. 79), qualora ritenga che il trattamento che la riguarda violi il GDPR.<\/li>\n<\/ul>\n\n\n\n<p>Per esercitare ciascuno dei Suoi diritti, pu\u00f2 contattare il Titolare del trattamento&nbsp;<strong>NOW Italia srl<\/strong>, nella persona del legale rappresentante, indirizzando una comunicazione presso la sede legale sita in Ancona alla Via Astagno, 3, oppure inviando una email all\u2019indirizzo&nbsp;<a href=\"mailto:info@nowitalia.it\"><strong>info@nowitalia.it<\/strong><\/a>.<\/p>\n","protected":false},"excerpt":{"rendered":"<p>Art. 13 del Regolamento (UE) 2016\/679 (\u201cGDPR\u201d) NOW Italia S.r.l.&nbsp;(di seguito, \u201cNOW Italia\u201d o \u201cSociet\u00e0\u201d) desidera informarLa che, ai sensi dell\u2019art. 13 del Regolamento (UE) 2016\/679 del Parlamento Europeo e del Consiglio relativo alla protezione delle persone fisiche con riguardo al trattamento dei dati personali (di seguito \u201cRegolamento Europeo\u201d), ha necessit\u00e0 di procedere al trattamento [&hellip;]<\/p>\n","protected":false},"author":1,"featured_media":0,"parent":0,"menu_order":0,"comment_status":"closed","ping_status":"open","template":"","meta":{"footnotes":""},"class_list":["post-3","page","type-page","status-publish","hentry"],"yoast_head":"<!-- This site is optimized with the Yoast SEO plugin v27.2 - https:\/\/yoast.com\/product\/yoast-seo-wordpress\/ -->\n<title>Privacy Policy - Space &amp; Underwater 2024<\/title>\n<meta name=\"robots\" content=\"index, follow, max-snippet:-1, max-image-preview:large, max-video-preview:-1\" \/>\n<link rel=\"canonical\" href=\"https:\/\/www.spaceandunderwater.events\/suw2024\/privacy-policy\/\" \/>\n<meta property=\"og:locale\" content=\"it_IT\" \/>\n<meta property=\"og:type\" content=\"article\" \/>\n<meta property=\"og:title\" content=\"Privacy Policy - Space &amp; Underwater 2024\" \/>\n<meta property=\"og:description\" content=\"Art. 13 del Regolamento (UE) 2016\/679 (\u201cGDPR\u201d) NOW Italia S.r.l.&nbsp;(di seguito, \u201cNOW Italia\u201d o \u201cSociet\u00e0\u201d) desidera informarLa che, ai sensi dell\u2019art. 13 del Regolamento (UE) 2016\/679 del Parlamento Europeo e del Consiglio relativo alla protezione delle persone fisiche con riguardo al trattamento dei dati personali (di seguito \u201cRegolamento Europeo\u201d), ha necessit\u00e0 di procedere al trattamento [&hellip;]\" \/>\n<meta property=\"og:url\" content=\"https:\/\/www.spaceandunderwater.events\/suw2024\/privacy-policy\/\" \/>\n<meta property=\"og:site_name\" content=\"Space &amp; Underwater 2024\" \/>\n<meta property=\"article:modified_time\" content=\"2024-08-30T09:09:27+00:00\" \/>\n<meta property=\"og:image\" content=\"https:\/\/www.spaceandunderwater.events\/suw2024\/wp-content\/uploads\/2024\/08\/LOCANDINA-SUW.jpg\" \/>\n\t<meta property=\"og:image:width\" content=\"1920\" \/>\n\t<meta property=\"og:image:height\" content=\"1080\" \/>\n\t<meta property=\"og:image:type\" content=\"image\/jpeg\" \/>\n<meta name=\"twitter:card\" content=\"summary_large_image\" \/>\n<meta name=\"twitter:label1\" content=\"Tempo di lettura stimato\" \/>\n\t<meta name=\"twitter:data1\" content=\"8 minuti\" \/>\n<script type=\"application\/ld+json\" class=\"yoast-schema-graph\">{\"@context\":\"https:\/\/schema.org\",\"@graph\":[{\"@type\":\"WebPage\",\"@id\":\"https:\/\/www.spaceandunderwater.events\/suw2024\/privacy-policy\/\",\"url\":\"https:\/\/www.spaceandunderwater.events\/suw2024\/privacy-policy\/\",\"name\":\"Privacy Policy - Space &amp; Underwater 2024\",\"isPartOf\":{\"@id\":\"https:\/\/www.spaceandunderwater.events\/suw2024\/#website\"},\"datePublished\":\"2024-08-30T09:08:42+00:00\",\"dateModified\":\"2024-08-30T09:09:27+00:00\",\"breadcrumb\":{\"@id\":\"https:\/\/www.spaceandunderwater.events\/suw2024\/privacy-policy\/#breadcrumb\"},\"inLanguage\":\"it-IT\",\"potentialAction\":[{\"@type\":\"ReadAction\",\"target\":[\"https:\/\/www.spaceandunderwater.events\/suw2024\/privacy-policy\/\"]}]},{\"@type\":\"BreadcrumbList\",\"@id\":\"https:\/\/www.spaceandunderwater.events\/suw2024\/privacy-policy\/#breadcrumb\",\"itemListElement\":[{\"@type\":\"ListItem\",\"position\":1,\"name\":\"Home\",\"item\":\"https:\/\/www.spaceandunderwater.events\/suw2024\/\"},{\"@type\":\"ListItem\",\"position\":2,\"name\":\"Privacy Policy\"}]},{\"@type\":\"WebSite\",\"@id\":\"https:\/\/www.spaceandunderwater.events\/suw2024\/#website\",\"url\":\"https:\/\/www.spaceandunderwater.events\/suw2024\/\",\"name\":\"Space & Underwater\",\"description\":\"1^ Edizione della Conferenza promossa da Cybersecurity Italia\",\"publisher\":{\"@id\":\"https:\/\/www.spaceandunderwater.events\/suw2024\/#organization\"},\"alternateName\":\"S&UW\",\"potentialAction\":[{\"@type\":\"SearchAction\",\"target\":{\"@type\":\"EntryPoint\",\"urlTemplate\":\"https:\/\/www.spaceandunderwater.events\/suw2024\/?s={search_term_string}\"},\"query-input\":{\"@type\":\"PropertyValueSpecification\",\"valueRequired\":true,\"valueName\":\"search_term_string\"}}],\"inLanguage\":\"it-IT\"},{\"@type\":\"Organization\",\"@id\":\"https:\/\/www.spaceandunderwater.events\/suw2024\/#organization\",\"name\":\"Space & Underwater\",\"url\":\"https:\/\/www.spaceandunderwater.events\/suw2024\/\",\"logo\":{\"@type\":\"ImageObject\",\"inLanguage\":\"it-IT\",\"@id\":\"https:\/\/www.spaceandunderwater.events\/suw2024\/#\/schema\/logo\/image\/\",\"url\":\"https:\/\/www.spaceandunderwater.events\/wp-content\/uploads\/2024\/08\/logo-suw.jpg\",\"contentUrl\":\"https:\/\/www.spaceandunderwater.events\/wp-content\/uploads\/2024\/08\/logo-suw.jpg\",\"width\":868,\"height\":568,\"caption\":\"Space & Underwater\"},\"image\":{\"@id\":\"https:\/\/www.spaceandunderwater.events\/suw2024\/#\/schema\/logo\/image\/\"},\"sameAs\":[\"https:\/\/www.linkedin.com\/company\/cybersecurity-italia-2\/\"]}]}<\/script>\n<!-- \/ Yoast SEO plugin. -->","yoast_head_json":{"title":"Privacy Policy - Space &amp; Underwater 2024","robots":{"index":"index","follow":"follow","max-snippet":"max-snippet:-1","max-image-preview":"max-image-preview:large","max-video-preview":"max-video-preview:-1"},"canonical":"https:\/\/www.spaceandunderwater.events\/suw2024\/privacy-policy\/","og_locale":"it_IT","og_type":"article","og_title":"Privacy Policy - Space &amp; Underwater 2024","og_description":"Art. 13 del Regolamento (UE) 2016\/679 (\u201cGDPR\u201d) NOW Italia S.r.l.&nbsp;(di seguito, \u201cNOW Italia\u201d o \u201cSociet\u00e0\u201d) desidera informarLa che, ai sensi dell\u2019art. 13 del Regolamento (UE) 2016\/679 del Parlamento Europeo e del Consiglio relativo alla protezione delle persone fisiche con riguardo al trattamento dei dati personali (di seguito \u201cRegolamento Europeo\u201d), ha necessit\u00e0 di procedere al trattamento [&hellip;]","og_url":"https:\/\/www.spaceandunderwater.events\/suw2024\/privacy-policy\/","og_site_name":"Space &amp; Underwater 2024","article_modified_time":"2024-08-30T09:09:27+00:00","og_image":[{"width":1920,"height":1080,"url":"https:\/\/www.spaceandunderwater.events\/suw2024\/wp-content\/uploads\/2024\/08\/LOCANDINA-SUW.jpg","type":"image\/jpeg"}],"twitter_card":"summary_large_image","twitter_misc":{"Tempo di lettura stimato":"8 minuti"},"schema":{"@context":"https:\/\/schema.org","@graph":[{"@type":"WebPage","@id":"https:\/\/www.spaceandunderwater.events\/suw2024\/privacy-policy\/","url":"https:\/\/www.spaceandunderwater.events\/suw2024\/privacy-policy\/","name":"Privacy Policy - Space &amp; Underwater 2024","isPartOf":{"@id":"https:\/\/www.spaceandunderwater.events\/suw2024\/#website"},"datePublished":"2024-08-30T09:08:42+00:00","dateModified":"2024-08-30T09:09:27+00:00","breadcrumb":{"@id":"https:\/\/www.spaceandunderwater.events\/suw2024\/privacy-policy\/#breadcrumb"},"inLanguage":"it-IT","potentialAction":[{"@type":"ReadAction","target":["https:\/\/www.spaceandunderwater.events\/suw2024\/privacy-policy\/"]}]},{"@type":"BreadcrumbList","@id":"https:\/\/www.spaceandunderwater.events\/suw2024\/privacy-policy\/#breadcrumb","itemListElement":[{"@type":"ListItem","position":1,"name":"Home","item":"https:\/\/www.spaceandunderwater.events\/suw2024\/"},{"@type":"ListItem","position":2,"name":"Privacy Policy"}]},{"@type":"WebSite","@id":"https:\/\/www.spaceandunderwater.events\/suw2024\/#website","url":"https:\/\/www.spaceandunderwater.events\/suw2024\/","name":"Space & Underwater","description":"1^ Edizione della Conferenza promossa da Cybersecurity Italia","publisher":{"@id":"https:\/\/www.spaceandunderwater.events\/suw2024\/#organization"},"alternateName":"S&UW","potentialAction":[{"@type":"SearchAction","target":{"@type":"EntryPoint","urlTemplate":"https:\/\/www.spaceandunderwater.events\/suw2024\/?s={search_term_string}"},"query-input":{"@type":"PropertyValueSpecification","valueRequired":true,"valueName":"search_term_string"}}],"inLanguage":"it-IT"},{"@type":"Organization","@id":"https:\/\/www.spaceandunderwater.events\/suw2024\/#organization","name":"Space & Underwater","url":"https:\/\/www.spaceandunderwater.events\/suw2024\/","logo":{"@type":"ImageObject","inLanguage":"it-IT","@id":"https:\/\/www.spaceandunderwater.events\/suw2024\/#\/schema\/logo\/image\/","url":"https:\/\/www.spaceandunderwater.events\/wp-content\/uploads\/2024\/08\/logo-suw.jpg","contentUrl":"https:\/\/www.spaceandunderwater.events\/wp-content\/uploads\/2024\/08\/logo-suw.jpg","width":868,"height":568,"caption":"Space & Underwater"},"image":{"@id":"https:\/\/www.spaceandunderwater.events\/suw2024\/#\/schema\/logo\/image\/"},"sameAs":["https:\/\/www.linkedin.com\/company\/cybersecurity-italia-2\/"]}]}},"_links":{"self":[{"href":"https:\/\/www.spaceandunderwater.events\/suw2024\/wp-json\/wp\/v2\/pages\/3","targetHints":{"allow":["GET"]}}],"collection":[{"href":"https:\/\/www.spaceandunderwater.events\/suw2024\/wp-json\/wp\/v2\/pages"}],"about":[{"href":"https:\/\/www.spaceandunderwater.events\/suw2024\/wp-json\/wp\/v2\/types\/page"}],"author":[{"embeddable":true,"href":"https:\/\/www.spaceandunderwater.events\/suw2024\/wp-json\/wp\/v2\/users\/1"}],"replies":[{"embeddable":true,"href":"https:\/\/www.spaceandunderwater.events\/suw2024\/wp-json\/wp\/v2\/comments?post=3"}],"version-history":[{"count":5,"href":"https:\/\/www.spaceandunderwater.events\/suw2024\/wp-json\/wp\/v2\/pages\/3\/revisions"}],"predecessor-version":[{"id":12654,"href":"https:\/\/www.spaceandunderwater.events\/suw2024\/wp-json\/wp\/v2\/pages\/3\/revisions\/12654"}],"wp:attachment":[{"href":"https:\/\/www.spaceandunderwater.events\/suw2024\/wp-json\/wp\/v2\/media?parent=3"}],"curies":[{"name":"wp","href":"https:\/\/api.w.org\/{rel}","templated":true}]}}